{"id":383,"date":"2022-07-04T11:48:55","date_gmt":"2022-07-04T11:48:55","guid":{"rendered":"https:\/\/hoteldalleves.ms.decms.eu\/mentions-legales\/"},"modified":"2022-09-07T08:25:10","modified_gmt":"2022-09-07T08:25:10","slug":"legal-mention","status":"publish","type":"page","link":"https:\/\/www.hoteldalleves.ch\/en\/legal-mention\/","title":{"rendered":"Legal mention"},"content":{"rendered":"<p><strong>Editeur<\/strong>:<br \/>\nH\u00f4tel d&#8217;All\u00e8ves<br \/>\nRue du Cendrier 16<br \/>\n1201 Gen\u00e8ve<br \/>\nSuisse<\/p>\n<p>T\u00e9l\u00e9phone : +41 22 732 15 30<br \/>\nFax : +41 22 738 32 66<br \/>\nE-mail : info@hoteldalleves.ch<\/p>\n<p><strong>Conception<\/strong><br \/>\nD-EDGE<br \/>\n<a href=\"https:\/\/www.d-edge.com\">www.d-edge.com<\/a><br \/>\nAdresse postale : dont le si\u00e8ge social est situ\u00e9 au 66 rue des archives \u2013 75003 Paris.<br \/>\nT\u00e9l\u00e9phone : +33 (0) 1 76 44 04 35<br \/>\nSIREN : 431 513 852<\/p>\n<p><strong>H\u00e9bergeur:<\/strong><br \/>\nWPEngine, Inc.<br \/>\nIrongate House, 22-30 Duke\u2019s Place<br \/>\nLondon, EC3A 7LP, United Kingdom<br \/>\nPhone: 08 00 50 53 049<\/p>\n","protected":false},"excerpt":{"rendered":"<p>Editeur: H\u00f4tel d&#8217;All\u00e8ves Rue du Cendrier 16 1201 Gen\u00e8ve Suisse T\u00e9l\u00e9phone : +41 22 732 15 30 Fax : +41 22 738 32 66 E-mail : info@hoteldalleves.ch Conception D-EDGE www.d-edge.com Adresse postale : dont le si\u00e8ge social est situ\u00e9 au 66 rue des archives \u2013 75003 Paris. T\u00e9l\u00e9phone : +33 (0) 1 76 44 04 [&hellip;]<\/p>\n","protected":false},"author":8,"featured_media":0,"parent":0,"menu_order":0,"comment_status":"closed","ping_status":"closed","template":"","meta":{"footnotes":""},"class_list":["post-383","page","type-page","status-publish","hentry"],"yoast_head":"<!-- This site is optimized with the Yoast SEO plugin v26.9 - https:\/\/yoast.com\/product\/yoast-seo-wordpress\/ -->\n<title>Legal mention - Hotel d&#039;alleves<\/title>\n<meta name=\"robots\" content=\"index, follow, max-snippet:-1, max-image-preview:large, max-video-preview:-1\" \/>\n<link rel=\"canonical\" href=\"https:\/\/www.hoteldalleves.ch\/en\/legal-mention\/\" \/>\n<meta property=\"og:locale\" content=\"en_US\" \/>\n<meta property=\"og:type\" content=\"article\" \/>\n<meta property=\"og:title\" content=\"Legal mention - Hotel d&#039;alleves\" \/>\n<meta property=\"og:description\" content=\"Editeur: H\u00f4tel d&#8217;All\u00e8ves Rue du Cendrier 16 1201 Gen\u00e8ve Suisse T\u00e9l\u00e9phone : +41 22 732 15 30 Fax : +41 22 738 32 66 E-mail : info@hoteldalleves.ch Conception D-EDGE www.d-edge.com Adresse postale : dont le si\u00e8ge social est situ\u00e9 au 66 rue des archives \u2013 75003 Paris. T\u00e9l\u00e9phone : +33 (0) 1 76 44 04 [&hellip;]\" \/>\n<meta property=\"og:url\" content=\"https:\/\/www.hoteldalleves.ch\/en\/legal-mention\/\" \/>\n<meta property=\"og:site_name\" content=\"Hotel d&#039;alleves\" \/>\n<meta property=\"article:modified_time\" content=\"2022-09-07T08:25:10+00:00\" \/>\n<meta name=\"twitter:card\" content=\"summary_large_image\" \/>\n<script type=\"application\/ld+json\" class=\"yoast-schema-graph\">{\"@context\":\"https:\/\/schema.org\",\"@graph\":[{\"@type\":\"WebPage\",\"@id\":\"https:\/\/www.hoteldalleves.ch\/en\/legal-mention\/\",\"url\":\"https:\/\/www.hoteldalleves.ch\/en\/legal-mention\/\",\"name\":\"Legal mention - Hotel d&#039;alleves\",\"isPartOf\":{\"@id\":\"https:\/\/www.hoteldalleves.ch\/en\/#website\"},\"datePublished\":\"2022-07-04T11:48:55+00:00\",\"dateModified\":\"2022-09-07T08:25:10+00:00\",\"breadcrumb\":{\"@id\":\"https:\/\/www.hoteldalleves.ch\/en\/legal-mention\/#breadcrumb\"},\"inLanguage\":\"en-US\",\"potentialAction\":[{\"@type\":\"ReadAction\",\"target\":[\"https:\/\/www.hoteldalleves.ch\/en\/legal-mention\/\"]}]},{\"@type\":\"BreadcrumbList\",\"@id\":\"https:\/\/www.hoteldalleves.ch\/en\/legal-mention\/#breadcrumb\",\"itemListElement\":[{\"@type\":\"ListItem\",\"position\":1,\"name\":\"Home\",\"item\":\"https:\/\/www.hoteldalleves.ch\/en\/\"},{\"@type\":\"ListItem\",\"position\":2,\"name\":\"Legal mention\"}]},{\"@type\":\"WebSite\",\"@id\":\"https:\/\/www.hoteldalleves.ch\/en\/#website\",\"url\":\"https:\/\/www.hoteldalleves.ch\/en\/\",\"name\":\"Hotel d&#039;alleves\",\"description\":\"\",\"publisher\":{\"@id\":\"https:\/\/www.hoteldalleves.ch\/en\/#organization\"},\"potentialAction\":[{\"@type\":\"SearchAction\",\"target\":{\"@type\":\"EntryPoint\",\"urlTemplate\":\"https:\/\/www.hoteldalleves.ch\/en\/?s={search_term_string}\"},\"query-input\":{\"@type\":\"PropertyValueSpecification\",\"valueRequired\":true,\"valueName\":\"search_term_string\"}}],\"inLanguage\":\"en-US\"},{\"@type\":\"Organization\",\"@id\":\"https:\/\/www.hoteldalleves.ch\/en\/#organization\",\"name\":\"Hotel d&#039;alleves\",\"url\":\"https:\/\/www.hoteldalleves.ch\/en\/\",\"logo\":{\"@type\":\"ImageObject\",\"inLanguage\":\"en-US\",\"@id\":\"https:\/\/www.hoteldalleves.ch\/en\/#\/schema\/logo\/image\/\",\"url\":\"https:\/\/www.hoteldalleves.ch\/wp-content\/uploads\/sites\/462\/2022\/07\/Hotel-dAlleves-logo-selected.png\",\"contentUrl\":\"https:\/\/www.hoteldalleves.ch\/wp-content\/uploads\/sites\/462\/2022\/07\/Hotel-dAlleves-logo-selected.png\",\"width\":800,\"height\":422,\"caption\":\"Hotel d&#039;alleves\"},\"image\":{\"@id\":\"https:\/\/www.hoteldalleves.ch\/en\/#\/schema\/logo\/image\/\"}}]}<\/script>\n<!-- \/ Yoast SEO plugin. -->","yoast_head_json":{"title":"Legal mention - Hotel d&#039;alleves","robots":{"index":"index","follow":"follow","max-snippet":"max-snippet:-1","max-image-preview":"max-image-preview:large","max-video-preview":"max-video-preview:-1"},"canonical":"https:\/\/www.hoteldalleves.ch\/en\/legal-mention\/","og_locale":"en_US","og_type":"article","og_title":"Legal mention - Hotel d&#039;alleves","og_description":"Editeur: H\u00f4tel d&#8217;All\u00e8ves Rue du Cendrier 16 1201 Gen\u00e8ve Suisse T\u00e9l\u00e9phone : +41 22 732 15 30 Fax : +41 22 738 32 66 E-mail : info@hoteldalleves.ch Conception D-EDGE www.d-edge.com Adresse postale : dont le si\u00e8ge social est situ\u00e9 au 66 rue des archives \u2013 75003 Paris. T\u00e9l\u00e9phone : +33 (0) 1 76 44 04 [&hellip;]","og_url":"https:\/\/www.hoteldalleves.ch\/en\/legal-mention\/","og_site_name":"Hotel d&#039;alleves","article_modified_time":"2022-09-07T08:25:10+00:00","twitter_card":"summary_large_image","schema":{"@context":"https:\/\/schema.org","@graph":[{"@type":"WebPage","@id":"https:\/\/www.hoteldalleves.ch\/en\/legal-mention\/","url":"https:\/\/www.hoteldalleves.ch\/en\/legal-mention\/","name":"Legal mention - Hotel d&#039;alleves","isPartOf":{"@id":"https:\/\/www.hoteldalleves.ch\/en\/#website"},"datePublished":"2022-07-04T11:48:55+00:00","dateModified":"2022-09-07T08:25:10+00:00","breadcrumb":{"@id":"https:\/\/www.hoteldalleves.ch\/en\/legal-mention\/#breadcrumb"},"inLanguage":"en-US","potentialAction":[{"@type":"ReadAction","target":["https:\/\/www.hoteldalleves.ch\/en\/legal-mention\/"]}]},{"@type":"BreadcrumbList","@id":"https:\/\/www.hoteldalleves.ch\/en\/legal-mention\/#breadcrumb","itemListElement":[{"@type":"ListItem","position":1,"name":"Home","item":"https:\/\/www.hoteldalleves.ch\/en\/"},{"@type":"ListItem","position":2,"name":"Legal mention"}]},{"@type":"WebSite","@id":"https:\/\/www.hoteldalleves.ch\/en\/#website","url":"https:\/\/www.hoteldalleves.ch\/en\/","name":"Hotel d&#039;alleves","description":"","publisher":{"@id":"https:\/\/www.hoteldalleves.ch\/en\/#organization"},"potentialAction":[{"@type":"SearchAction","target":{"@type":"EntryPoint","urlTemplate":"https:\/\/www.hoteldalleves.ch\/en\/?s={search_term_string}"},"query-input":{"@type":"PropertyValueSpecification","valueRequired":true,"valueName":"search_term_string"}}],"inLanguage":"en-US"},{"@type":"Organization","@id":"https:\/\/www.hoteldalleves.ch\/en\/#organization","name":"Hotel d&#039;alleves","url":"https:\/\/www.hoteldalleves.ch\/en\/","logo":{"@type":"ImageObject","inLanguage":"en-US","@id":"https:\/\/www.hoteldalleves.ch\/en\/#\/schema\/logo\/image\/","url":"https:\/\/www.hoteldalleves.ch\/wp-content\/uploads\/sites\/462\/2022\/07\/Hotel-dAlleves-logo-selected.png","contentUrl":"https:\/\/www.hoteldalleves.ch\/wp-content\/uploads\/sites\/462\/2022\/07\/Hotel-dAlleves-logo-selected.png","width":800,"height":422,"caption":"Hotel d&#039;alleves"},"image":{"@id":"https:\/\/www.hoteldalleves.ch\/en\/#\/schema\/logo\/image\/"}}]}},"acf":[],"_links":{"self":[{"href":"https:\/\/www.hoteldalleves.ch\/en\/wp-json\/wp\/v2\/pages\/383","targetHints":{"allow":["GET"]}}],"collection":[{"href":"https:\/\/www.hoteldalleves.ch\/en\/wp-json\/wp\/v2\/pages"}],"about":[{"href":"https:\/\/www.hoteldalleves.ch\/en\/wp-json\/wp\/v2\/types\/page"}],"author":[{"embeddable":true,"href":"https:\/\/www.hoteldalleves.ch\/en\/wp-json\/wp\/v2\/users\/8"}],"replies":[{"embeddable":true,"href":"https:\/\/www.hoteldalleves.ch\/en\/wp-json\/wp\/v2\/comments?post=383"}],"version-history":[{"count":0,"href":"https:\/\/www.hoteldalleves.ch\/en\/wp-json\/wp\/v2\/pages\/383\/revisions"}],"wp:attachment":[{"href":"https:\/\/www.hoteldalleves.ch\/en\/wp-json\/wp\/v2\/media?parent=383"}],"curies":[{"name":"wp","href":"https:\/\/api.w.org\/{rel}","templated":true}]}}